{"id":374,"date":"2025-04-29T10:59:52","date_gmt":"2025-04-29T10:59:52","guid":{"rendered":"https:\/\/myseat.io\/technologie\/"},"modified":"2025-07-12T17:35:24","modified_gmt":"2025-07-12T17:35:24","slug":"technologie","status":"publish","type":"page","link":"https:\/\/myseat.io\/fr\/technologie\/","title":{"rendered":"Technologie"},"content":{"rendered":"","protected":false},"excerpt":{"rendered":"","protected":false},"author":1,"featured_media":1100,"parent":0,"menu_order":0,"comment_status":"closed","ping_status":"closed","template":"page-technology.php","meta":{"_acf_changed":false,"footnotes":""},"class_list":["post-374","page","type-page","status-publish","has-post-thumbnail","hentry"],"acf":[],"yoast_head":"<!-- This site is optimized with the Yoast SEO plugin v27.3 - https:\/\/yoast.com\/product\/yoast-seo-wordpress\/ -->\n<title>Technologie derri\u00e8re des espaces plus intelligents | MySeat.io<\/title>\n<meta name=\"description\" content=\"D\u00e9couvrez la technologie des capteurs de MySeat. Obtenez des informations en temps r\u00e9el pour optimiser l&#039;espace de bureau, am\u00e9liorer l&#039;exp\u00e9rience des employ\u00e9s et r\u00e9aliser des \u00e9conomies.\" \/>\n<meta name=\"robots\" content=\"index, follow, max-snippet:-1, max-image-preview:large, max-video-preview:-1\" \/>\n<link rel=\"canonical\" href=\"https:\/\/myseat.io\/fr\/technologie\/\" \/>\n<meta property=\"og:locale\" content=\"fr_FR\" \/>\n<meta property=\"og:type\" content=\"article\" \/>\n<meta property=\"og:title\" content=\"Technologie derri\u00e8re des espaces plus intelligents | MySeat.io\" \/>\n<meta property=\"og:description\" content=\"D\u00e9couvrez la technologie des capteurs de MySeat. Obtenez des informations en temps r\u00e9el pour optimiser l&#039;espace de bureau, am\u00e9liorer l&#039;exp\u00e9rience des employ\u00e9s et r\u00e9aliser des \u00e9conomies.\" \/>\n<meta property=\"og:url\" content=\"https:\/\/myseat.io\/fr\/technologie\/\" \/>\n<meta property=\"og:site_name\" content=\"MySeat\" \/>\n<meta property=\"article:modified_time\" content=\"2025-07-12T17:35:24+00:00\" \/>\n<meta property=\"og:image\" content=\"https:\/\/myseat.io\/wp-content\/uploads\/2025\/05\/Sensor-on-books.jpg\" \/>\n\t<meta property=\"og:image:width\" content=\"4032\" \/>\n\t<meta property=\"og:image:height\" content=\"1669\" \/>\n\t<meta property=\"og:image:type\" content=\"image\/jpeg\" \/>\n<meta name=\"twitter:card\" content=\"summary_large_image\" \/>\n<meta name=\"twitter:label1\" content=\"Dur\u00e9e de lecture estim\u00e9e\" \/>\n\t<meta name=\"twitter:data1\" content=\"6 minutes\" \/>\n<script type=\"application\/ld+json\" class=\"yoast-schema-graph\">{\"@context\":\"https:\\\/\\\/schema.org\",\"@graph\":[{\"@type\":\"WebPage\",\"@id\":\"https:\\\/\\\/myseat.io\\\/fr\\\/technologie\\\/\",\"url\":\"https:\\\/\\\/myseat.io\\\/fr\\\/technologie\\\/\",\"name\":\"Technologie derri\u00e8re des espaces plus intelligents | MySeat.io\",\"isPartOf\":{\"@id\":\"https:\\\/\\\/myseat.io\\\/fr\\\/#website\"},\"primaryImageOfPage\":{\"@id\":\"https:\\\/\\\/myseat.io\\\/fr\\\/technologie\\\/#primaryimage\"},\"image\":{\"@id\":\"https:\\\/\\\/myseat.io\\\/fr\\\/technologie\\\/#primaryimage\"},\"thumbnailUrl\":\"https:\\\/\\\/myseat.io\\\/wp-content\\\/uploads\\\/2025\\\/05\\\/Sensor-on-books.jpg\",\"datePublished\":\"2025-04-29T10:59:52+00:00\",\"dateModified\":\"2025-07-12T17:35:24+00:00\",\"description\":\"D\u00e9couvrez la technologie des capteurs de MySeat. Obtenez des informations en temps r\u00e9el pour optimiser l'espace de bureau, am\u00e9liorer l'exp\u00e9rience des employ\u00e9s et r\u00e9aliser des \u00e9conomies.\",\"breadcrumb\":{\"@id\":\"https:\\\/\\\/myseat.io\\\/fr\\\/technologie\\\/#breadcrumb\"},\"inLanguage\":\"fr-FR\",\"potentialAction\":[{\"@type\":\"ReadAction\",\"target\":[\"https:\\\/\\\/myseat.io\\\/fr\\\/technologie\\\/\"]}]},{\"@type\":\"ImageObject\",\"inLanguage\":\"fr-FR\",\"@id\":\"https:\\\/\\\/myseat.io\\\/fr\\\/technologie\\\/#primaryimage\",\"url\":\"https:\\\/\\\/myseat.io\\\/wp-content\\\/uploads\\\/2025\\\/05\\\/Sensor-on-books.jpg\",\"contentUrl\":\"https:\\\/\\\/myseat.io\\\/wp-content\\\/uploads\\\/2025\\\/05\\\/Sensor-on-books.jpg\",\"width\":4032,\"height\":1669,\"caption\":\"MySeat occupancy sensor in situ\"},{\"@type\":\"BreadcrumbList\",\"@id\":\"https:\\\/\\\/myseat.io\\\/fr\\\/technologie\\\/#breadcrumb\",\"itemListElement\":[{\"@type\":\"ListItem\",\"position\":1,\"name\":\"Home\",\"item\":\"https:\\\/\\\/myseat.io\\\/fr\\\/\"},{\"@type\":\"ListItem\",\"position\":2,\"name\":\"Technologie\"}]},{\"@type\":\"WebSite\",\"@id\":\"https:\\\/\\\/myseat.io\\\/fr\\\/#website\",\"url\":\"https:\\\/\\\/myseat.io\\\/fr\\\/\",\"name\":\"MySeat\",\"description\":\"\",\"potentialAction\":[{\"@type\":\"SearchAction\",\"target\":{\"@type\":\"EntryPoint\",\"urlTemplate\":\"https:\\\/\\\/myseat.io\\\/fr\\\/?s={search_term_string}\"},\"query-input\":{\"@type\":\"PropertyValueSpecification\",\"valueRequired\":true,\"valueName\":\"search_term_string\"}}],\"inLanguage\":\"fr-FR\"}]}<\/script>\n<!-- \/ Yoast SEO plugin. -->","yoast_head_json":{"title":"Technologie derri\u00e8re des espaces plus intelligents | MySeat.io","description":"D\u00e9couvrez la technologie des capteurs de MySeat. Obtenez des informations en temps r\u00e9el pour optimiser l'espace de bureau, am\u00e9liorer l'exp\u00e9rience des employ\u00e9s et r\u00e9aliser des \u00e9conomies.","robots":{"index":"index","follow":"follow","max-snippet":"max-snippet:-1","max-image-preview":"max-image-preview:large","max-video-preview":"max-video-preview:-1"},"canonical":"https:\/\/myseat.io\/fr\/technologie\/","og_locale":"fr_FR","og_type":"article","og_title":"Technologie derri\u00e8re des espaces plus intelligents | MySeat.io","og_description":"D\u00e9couvrez la technologie des capteurs de MySeat. Obtenez des informations en temps r\u00e9el pour optimiser l'espace de bureau, am\u00e9liorer l'exp\u00e9rience des employ\u00e9s et r\u00e9aliser des \u00e9conomies.","og_url":"https:\/\/myseat.io\/fr\/technologie\/","og_site_name":"MySeat","article_modified_time":"2025-07-12T17:35:24+00:00","og_image":[{"width":4032,"height":1669,"url":"https:\/\/myseat.io\/wp-content\/uploads\/2025\/05\/Sensor-on-books.jpg","type":"image\/jpeg"}],"twitter_card":"summary_large_image","twitter_misc":{"Dur\u00e9e de lecture estim\u00e9e":"6 minutes"},"schema":{"@context":"https:\/\/schema.org","@graph":[{"@type":"WebPage","@id":"https:\/\/myseat.io\/fr\/technologie\/","url":"https:\/\/myseat.io\/fr\/technologie\/","name":"Technologie derri\u00e8re des espaces plus intelligents | MySeat.io","isPartOf":{"@id":"https:\/\/myseat.io\/fr\/#website"},"primaryImageOfPage":{"@id":"https:\/\/myseat.io\/fr\/technologie\/#primaryimage"},"image":{"@id":"https:\/\/myseat.io\/fr\/technologie\/#primaryimage"},"thumbnailUrl":"https:\/\/myseat.io\/wp-content\/uploads\/2025\/05\/Sensor-on-books.jpg","datePublished":"2025-04-29T10:59:52+00:00","dateModified":"2025-07-12T17:35:24+00:00","description":"D\u00e9couvrez la technologie des capteurs de MySeat. Obtenez des informations en temps r\u00e9el pour optimiser l'espace de bureau, am\u00e9liorer l'exp\u00e9rience des employ\u00e9s et r\u00e9aliser des \u00e9conomies.","breadcrumb":{"@id":"https:\/\/myseat.io\/fr\/technologie\/#breadcrumb"},"inLanguage":"fr-FR","potentialAction":[{"@type":"ReadAction","target":["https:\/\/myseat.io\/fr\/technologie\/"]}]},{"@type":"ImageObject","inLanguage":"fr-FR","@id":"https:\/\/myseat.io\/fr\/technologie\/#primaryimage","url":"https:\/\/myseat.io\/wp-content\/uploads\/2025\/05\/Sensor-on-books.jpg","contentUrl":"https:\/\/myseat.io\/wp-content\/uploads\/2025\/05\/Sensor-on-books.jpg","width":4032,"height":1669,"caption":"MySeat occupancy sensor in situ"},{"@type":"BreadcrumbList","@id":"https:\/\/myseat.io\/fr\/technologie\/#breadcrumb","itemListElement":[{"@type":"ListItem","position":1,"name":"Home","item":"https:\/\/myseat.io\/fr\/"},{"@type":"ListItem","position":2,"name":"Technologie"}]},{"@type":"WebSite","@id":"https:\/\/myseat.io\/fr\/#website","url":"https:\/\/myseat.io\/fr\/","name":"MySeat","description":"","potentialAction":[{"@type":"SearchAction","target":{"@type":"EntryPoint","urlTemplate":"https:\/\/myseat.io\/fr\/?s={search_term_string}"},"query-input":{"@type":"PropertyValueSpecification","valueRequired":true,"valueName":"search_term_string"}}],"inLanguage":"fr-FR"}]}},"_links":{"self":[{"href":"https:\/\/myseat.io\/fr\/wp-json\/wp\/v2\/pages\/374","targetHints":{"allow":["GET"]}}],"collection":[{"href":"https:\/\/myseat.io\/fr\/wp-json\/wp\/v2\/pages"}],"about":[{"href":"https:\/\/myseat.io\/fr\/wp-json\/wp\/v2\/types\/page"}],"author":[{"embeddable":true,"href":"https:\/\/myseat.io\/fr\/wp-json\/wp\/v2\/users\/1"}],"replies":[{"embeddable":true,"href":"https:\/\/myseat.io\/fr\/wp-json\/wp\/v2\/comments?post=374"}],"version-history":[{"count":0,"href":"https:\/\/myseat.io\/fr\/wp-json\/wp\/v2\/pages\/374\/revisions"}],"wp:featuredmedia":[{"embeddable":true,"href":"https:\/\/myseat.io\/fr\/wp-json\/wp\/v2\/media\/1100"}],"wp:attachment":[{"href":"https:\/\/myseat.io\/fr\/wp-json\/wp\/v2\/media?parent=374"}],"curies":[{"name":"wp","href":"https:\/\/api.w.org\/{rel}","templated":true}]}}